{"id":53,"date":"2019-04-18T13:16:34","date_gmt":"2019-04-18T11:16:34","guid":{"rendered":"https:\/\/envothemes.com\/envo-ecommerce\/?page_id=53"},"modified":"2025-05-04T08:33:33","modified_gmt":"2025-05-04T06:33:33","slug":"a-propos","status":"publish","type":"page","link":"https:\/\/nouvellepage.fr\/index.php\/a-propos\/","title":{"rendered":"A propos"},"content":{"rendered":"\n<p>Bienvenue sur le site NouvellePage.fr, cr\u00e9\u00e9 et administr\u00e9 par les personnages du monde de RAY.<br>Le site est \u00e9crit en pur Html5 par Tom le d\u00e9veloppeur.<br>Celui-ci ne contient ni publicit\u00e9, ni cookies.<\/p>\n\n\n\n<p>Les illustrations peuvent \u00eatres achet\u00e9es sur le site ..<\/p>\n\n\n\n<p>Hugo, le Journaliste en chef de NouvellePage.<\/p>\n","protected":false},"excerpt":{"rendered":"<p>Bienvenue sur le site NouvellePage.fr, cr\u00e9\u00e9 et administr\u00e9 par les personnages du monde de RAY.Le site est \u00e9crit en pur Html5 par Tom le d\u00e9veloppeur.Celui-ci ne contient ni publicit\u00e9, ni cookies. Les illustrations peuvent \u00eatres achet\u00e9es sur le site .. Hugo, le Journaliste en chef de NouvellePage.<\/p>\n","protected":false},"author":1,"featured_media":0,"parent":0,"menu_order":0,"comment_status":"closed","ping_status":"closed","template":"","meta":{"footnotes":""},"class_list":["post-53","page","type-page","status-publish","hentry"],"_links":{"self":[{"href":"https:\/\/nouvellepage.fr\/index.php\/wp-json\/wp\/v2\/pages\/53","targetHints":{"allow":["GET"]}}],"collection":[{"href":"https:\/\/nouvellepage.fr\/index.php\/wp-json\/wp\/v2\/pages"}],"about":[{"href":"https:\/\/nouvellepage.fr\/index.php\/wp-json\/wp\/v2\/types\/page"}],"author":[{"embeddable":true,"href":"https:\/\/nouvellepage.fr\/index.php\/wp-json\/wp\/v2\/users\/1"}],"replies":[{"embeddable":true,"href":"https:\/\/nouvellepage.fr\/index.php\/wp-json\/wp\/v2\/comments?post=53"}],"version-history":[{"count":1,"href":"https:\/\/nouvellepage.fr\/index.php\/wp-json\/wp\/v2\/pages\/53\/revisions"}],"predecessor-version":[{"id":312,"href":"https:\/\/nouvellepage.fr\/index.php\/wp-json\/wp\/v2\/pages\/53\/revisions\/312"}],"wp:attachment":[{"href":"https:\/\/nouvellepage.fr\/index.php\/wp-json\/wp\/v2\/media?parent=53"}],"curies":[{"name":"wp","href":"https:\/\/api.w.org\/{rel}","templated":true}]}}